{"id":678,"date":"2023-05-26T11:41:53","date_gmt":"2023-05-26T09:41:53","guid":{"rendered":"http:\/\/relaxation-active.com\/?page_id=678"},"modified":"2025-03-17T15:07:31","modified_gmt":"2025-03-17T14:07:31","slug":"mentions-legales","status":"publish","type":"page","link":"https:\/\/relaxation-active.com\/index.php\/mentions-legales\/","title":{"rendered":"Mentions l\u00e9gales"},"content":{"rendered":"\n<p>Conform\u00e9ment aux dispositions des Articles 6-III et 19 de la Loi n\u00b02004-575 du 21 juin 2004 pour la confiance dans l\u2019\u00e9conomie num\u00e9rique, dite LCEN, il est port\u00e9 \u00e0 la connaissance des Utilisateurs du&nbsp;https:\/\/relaxation- active.com les pr\u00e9sentes mentions l\u00e9gales. La connexion et la navigation sur le site&nbsp;https:\/\/relaxation-active.com par l\u2019Utilisateurimplique l\u2019acceptation int\u00e9grale et sans r\u00e9serve des pr\u00e9sentes mentions l\u00e9gales. Ces derni\u00e8res sont accessibles sur le site \u00e0 la rubrique \u00ab Mentions l\u00e9gales \u00bb.<br>\u200b<br>Ce site internet est l\u2019enti\u00e8re propri\u00e9t\u00e9 de l\u2019Association Spirale, enregistr\u00e9e aupr\u00e8s de la pr\u00e9fecture\/sous-pr\u00e9fecture de 78 \u2013 Pr\u00e9fecture Versailles sous le num\u00e9ro W783003985, ayant son si\u00e8ge situ\u00e9 \u00e0 2 Rue du Mar\u00e9chal de Lattre de Tassigny 78000 Versailles\u200b.<\/p>\n\n\n\n<h2 class=\"has-text-color\" style=\"color:#1bbc9b\"><strong>Edition du site<\/strong><\/h2>\n\n\n\n<p>L\u2019\u00e9dition et la direction de la publication du site https:\/\/relaxation-active.com sont assur\u00e9es par l\u2019Association Spirale, enregistr\u00e9e aupr\u00e8s de la pr\u00e9fecture\/sous-pr\u00e9fecture de 78 \u2013 Pr\u00e9fecture Versailles sous le num\u00e9ro W783003985, ayant son si\u00e8ge situ\u00e9 \u00e0 2 Rue du Mar\u00e9chal de Lattre de Tassigny 78000 Versailles, repr\u00e9sent\u00e9e<br>par Anne-Marie Goutten\u00e8gre d\u00fbment habilit\u00e9e.<\/p>\n\n\n\n<h2 class=\"has-text-color\" style=\"color:#1bbc9b\"><strong>H\u00e9bergement<\/strong><\/h2>\n\n\n\n<p>Le Site est h\u00e9berg\u00e9 par la soci\u00e9t\u00e9 OVH SAS, situ\u00e9 2 rue Kellermann \u2013 BP 80157 \u2013 59053 Roubaix Cedex 1<\/p>\n\n\n\n<h2 class=\"has-text-color\" style=\"color:#1bbc9b\"><strong>Conception<\/strong><\/h2>\n\n\n\n<p>Le Site a \u00e9t\u00e9 r\u00e9alis\u00e9 par <a href=\"https:\/\/alban-de-braquilanges.fr\/\">Alban de Braquilanges<\/a><\/p>\n\n\n\n<h2 class=\"has-text-color\" style=\"color:#1bbc9b\"><strong>Cr\u00e9dits photos et vid\u00e9os<\/strong><\/h2>\n\n\n\n<p><\/p>\n\n\n\n<p>Cr\u00e9dit photo (page d&rsquo;accueil du site ) : Weekend Images Inc.<\/p>\n\n\n\n<p>Toutes les autres images ont \u00e9t\u00e9 trouv\u00e9s sur Unsplash, une banque d&rsquo;images gratuite.<\/p>\n\n\n\n<p><a href=\"https:\/\/unsplash.com\/fr\/@nanichkar\">Anastasiya Romanova<\/a> &#8211; <a href=\"https:\/\/unsplash.com\/fr\/@gallarotti\">Francesco Gallarotti<\/a> &#8211;  <a href=\"https:\/\/fr.freepik.com\/photos-gratuite\/couple-age-mur-faisant-du-yoga-exterieur_10830384.htm#page=2&amp;query=personnes%20ag%C3%A9es%20pratiquant%20le%20yoga&amp;position=13&amp;from_view=search&amp;track=ais\">Freepik<\/a>  &#8211; <a href=\"https:\/\/jeanloupdierstein.fr\/\">JeanLoupDierStein<\/a><\/p>\n\n\n\n<h2 class=\"has-text-color\" style=\"color:#1bbc9b\">Acc\u00e8s au site<\/h2>\n\n\n\n<p>Le site est accessible par tout endroit, 7j\/7, 24h\/24 sauf cas de force majeure, interruption programm\u00e9e ou non et pouvant d\u00e9couler d\u2019une n\u00e9cessit\u00e9 de maintenance. En cas de modification, interruption ou suspension des services le site&nbsp;https:\/\/relaxation-active.com ne saurait \u00eatre tenu responsable.<\/p>\n\n\n\n<p>D&rsquo;autre part, l&rsquo;Editeur n\u2019est en aucun cas responsable de l\u2019infection par des virus ou<br>de tout autre probl\u00e8me informatique ayant des effets destructeurs.<\/p>\n\n\n\n<h2 class=\"has-text-color\" style=\"color:#1bbc9b\">Politique de gestion des cookies<\/h2>\n\n\n\n<p>Lorsque vous naviguez sur ce site, des informations sont susceptibles d\u2019\u00eatre enregistr\u00e9es gr\u00e2ce \u00e0 des \u00ab cookies \u00bb. Les cookies de ce site servent uniquement \u00e0 analyser votre navigation sur le site et mesurer son audience.<br>&nbsp;<br><strong>QU\u2019EST-CE QU\u2019UN COOKIE ?<\/strong><br>Un \u00ab cookie \u00bb (\u00e9galement appel\u00e9 t\u00e9moin de connexion ou balise web) est un fichier inscrit sur votre disque dur par un serveur internet pour une dur\u00e9e temporaire d\u00e9finie, afin de faciliter votre navigation et d\u2019am\u00e9liorer la qualit\u00e9 de notre Site. Il convient de distinguer entre les cookies dits \u00ab cookies de navigation \u00bb et les \u00ab cookies d&rsquo;analyse statistique \u00bb.<br>&nbsp;<br><strong>QUELS COOKIES UTILISONS-NOUS ?<\/strong><br>Nous utilisons 2 types de cookies dont les finalit\u00e9s sont d\u00e9crites ci-apr\u00e8s :<br>&nbsp;<\/p>\n\n\n\n<ul>\n<li>Les cookies n\u00e9cessaires : ces cookies vous permettent de naviguer sur le site et<br>sont indispensables au bon fonctionnement du site. Leur d\u00e9sactivation entra\u00eenera<br>des difficult\u00e9s dans l&rsquo;utilisation du site et aura pour cons\u00e9quence d&#8217;emp\u00eacher l&rsquo;acc\u00e8s<br>\u00e0 certaines fonctionnalit\u00e9s.<br>&nbsp;<\/li>\n\n\n\n<li>Les cookies de performance et statistiques : ces cookies collectent des informations<br>sur la fa\u00e7on dont les utilisateurs utilisent le site (le nombre de visites, le nombre de<br>pages consult\u00e9es, l&rsquo;activit\u00e9 des visiteurs) via les outils d&rsquo;analyse Google Analytics et<br>Instagram, Ces cookies nous permettent \u00e9galement d&rsquo;identifier et de r\u00e9soudre les<br>probl\u00e8mes de fonctionnement du site et de l&rsquo;am\u00e9liorer.<br>&nbsp;<br>Nous n\u2019utilisons ni cookie fonctionnel, ni cookie publicitaire ou cookie partenaire.<br><strong>&nbsp;<br>PEUT-ON D\u00c9SACTIVER L\u2019UTILISATION DES COOKIES ?<\/strong><br>Oui, l&rsquo;utilisateur peut \u00e0 tout moment d\u00e9sactiver les cookies enregistr\u00e9s sur son appareil. Pour cela, il lui suffit de s\u00e9lectionner les param\u00e8tres appropri\u00e9s dans son navigateur.<br>Pour Mozilla\/Firefox :&nbsp;Aide Firefox<br>Pour Apple\/Safari :&nbsp;Aide Safari<br>Pour Edge\/Microsoft :&nbsp;Aide Microsoft<br>Pour Chrome\/Google :&nbsp;Aide Chrome<\/li>\n<\/ul>\n\n\n\n<h2 class=\"has-text-color\" style=\"color:#1bbc9b\">Propri\u00e9t\u00e9 intellectuelle<\/h2>\n\n\n\n<p>Toute utilisation, reproduction, diffusion, commercialisation, modification de tout ou partie du site&nbsp;https:\/\/relaxation-active.com sans autorisation de l\u2019Editeur est prohib\u00e9e et pourra entra\u00eener des actions et poursuites judiciaires telles que notamment pr\u00e9vues par le Code de la propri\u00e9t\u00e9 intellectuelle et le Code civil.<\/p>\n","protected":false},"excerpt":{"rendered":"<p>Conform\u00e9ment aux dispositions des Articles 6-III et 19 de la Loi n\u00b02004-575 du 21 juin 2004 pour la confiance dans l\u2019\u00e9conomie num\u00e9rique, dite LCEN, il est port\u00e9 \u00e0 la connaissance des Utilisateurs du&nbsp;https:\/\/relaxation- active.com les pr\u00e9sentes mentions l\u00e9gales. La connexion et la navigation sur le site&nbsp;https:\/\/relaxation-active.com par l\u2019Utilisateurimplique l\u2019acceptation int\u00e9grale et sans r\u00e9serve des pr\u00e9sentes &hellip; <\/p>\n<p class=\"link-more\"><a href=\"https:\/\/relaxation-active.com\/index.php\/mentions-legales\/\" class=\"more-link\">Lire la suite de<span class=\"screen-reader-text\">\u00ab\u00a0Mentions l\u00e9gales\u00a0\u00bb<\/span><\/a><\/p>\n","protected":false},"author":1,"featured_media":0,"parent":0,"menu_order":0,"comment_status":"closed","ping_status":"closed","template":"","meta":[],"_links":{"self":[{"href":"https:\/\/relaxation-active.com\/index.php\/wp-json\/wp\/v2\/pages\/678"}],"collection":[{"href":"https:\/\/relaxation-active.com\/index.php\/wp-json\/wp\/v2\/pages"}],"about":[{"href":"https:\/\/relaxation-active.com\/index.php\/wp-json\/wp\/v2\/types\/page"}],"author":[{"embeddable":true,"href":"https:\/\/relaxation-active.com\/index.php\/wp-json\/wp\/v2\/users\/1"}],"replies":[{"embeddable":true,"href":"https:\/\/relaxation-active.com\/index.php\/wp-json\/wp\/v2\/comments?post=678"}],"version-history":[{"count":5,"href":"https:\/\/relaxation-active.com\/index.php\/wp-json\/wp\/v2\/pages\/678\/revisions"}],"predecessor-version":[{"id":812,"href":"https:\/\/relaxation-active.com\/index.php\/wp-json\/wp\/v2\/pages\/678\/revisions\/812"}],"wp:attachment":[{"href":"https:\/\/relaxation-active.com\/index.php\/wp-json\/wp\/v2\/media?parent=678"}],"curies":[{"name":"wp","href":"https:\/\/api.w.org\/{rel}","templated":true}]}}