{"id":22,"date":"2022-11-01T15:34:56","date_gmt":"2022-11-01T14:34:56","guid":{"rendered":"http:\/\/localhost\/association%20spirale\/?page_id=22"},"modified":"2025-03-17T20:07:18","modified_gmt":"2025-03-17T19:07:18","slug":"contact","status":"publish","type":"page","link":"https:\/\/relaxation-active.com\/index.php\/contact\/","title":{"rendered":"Contact"},"content":{"rendered":"\n<p class=\"has-medium-font-size\">Vous pouvez nous contacter par mail, par t\u00e9l\u00e9phone ou par courrier &nbsp;:<\/p>\n\n\n\n<p class=\"has-medium-font-size\">Association SPIRALE<br>2 Rue du Mar\u00e9chal de Lattre de Tassigny<br>78000 Versailles<br><\/p>\n\n\n\n<p class=\"has-medium-font-size\">tel : 06.23.26.08.29<br><a href=\"mailto:association.spirale.relaxation@gmail.com\">association.spirale.relaxation@gmail.com<\/a><\/p>\n\n\n\n<p class=\"has-medium-font-size\">Pour toute question relative \u00e0 la formation des professeurs :<\/p>\n\n\n\n<figure class=\"wp-block-table aligncenter is-style-stripes has-medium-font-size\"><table><tbody><tr><td>Catherine Beddok<br>t\u00e9l : 06.77.84.87.27<br><a href=\"mailto:catherine.beddok@relaxation-active.com\">catherine.beddok@relaxation-active.com<\/a><\/td><td>Dominique Paugam<br>t\u00e9l : 06.60.33.38.09<br><a href=\"dpaugam3561@gmail.com\">dominique.paugam@relaxation-active.com<\/a><\/td><\/tr><\/tbody><\/table><\/figure>\n","protected":false},"excerpt":{"rendered":"<p>Vous pouvez nous contacter par mail, par t\u00e9l\u00e9phone ou par courrier &nbsp;: Association SPIRALE2 Rue du Mar\u00e9chal de Lattre de Tassigny78000 Versailles tel : 06.23.26.08.29association.spirale.relaxation@gmail.com Pour toute question relative \u00e0 la formation des professeurs : Catherine Beddokt\u00e9l : 06.77.84.87.27catherine.beddok@relaxation-active.com Dominique Paugamt\u00e9l : 06.60.33.38.09dominique.paugam@relaxation-active.com<\/p>\n","protected":false},"author":1,"featured_media":0,"parent":0,"menu_order":0,"comment_status":"closed","ping_status":"closed","template":"","meta":[],"_links":{"self":[{"href":"https:\/\/relaxation-active.com\/index.php\/wp-json\/wp\/v2\/pages\/22"}],"collection":[{"href":"https:\/\/relaxation-active.com\/index.php\/wp-json\/wp\/v2\/pages"}],"about":[{"href":"https:\/\/relaxation-active.com\/index.php\/wp-json\/wp\/v2\/types\/page"}],"author":[{"embeddable":true,"href":"https:\/\/relaxation-active.com\/index.php\/wp-json\/wp\/v2\/users\/1"}],"replies":[{"embeddable":true,"href":"https:\/\/relaxation-active.com\/index.php\/wp-json\/wp\/v2\/comments?post=22"}],"version-history":[{"count":10,"href":"https:\/\/relaxation-active.com\/index.php\/wp-json\/wp\/v2\/pages\/22\/revisions"}],"predecessor-version":[{"id":831,"href":"https:\/\/relaxation-active.com\/index.php\/wp-json\/wp\/v2\/pages\/22\/revisions\/831"}],"wp:attachment":[{"href":"https:\/\/relaxation-active.com\/index.php\/wp-json\/wp\/v2\/media?parent=22"}],"curies":[{"name":"wp","href":"https:\/\/api.w.org\/{rel}","templated":true}]}}