{"id":184,"date":"2022-11-17T22:25:54","date_gmt":"2022-11-17T21:25:54","guid":{"rendered":"http:\/\/localhost\/association%20spirale\/?page_id=184"},"modified":"2023-06-01T21:21:38","modified_gmt":"2023-06-01T19:21:38","slug":"association","status":"publish","type":"page","link":"https:\/\/relaxation-active.com\/index.php\/association\/","title":{"rendered":"Association"},"content":{"rendered":"\n<p class=\"has-text-color has-medium-font-size\" style=\"color:#103448\">L\u2019association SPIRALE assure la formation des professeurs de relaxation active et le d\u00e9veloppement de la m\u00e9thode cr\u00e9\u00e9e par Maurice Martenot. Cette forme de relaxation originale s&rsquo;est d\u00e9velopp\u00e9e \u00e0 partir de l&rsquo;exp\u00e9rience et des recherches de&nbsp;<strong>Maurice&nbsp;MARTENOT.<\/strong><\/p>\n\n\n\n<p class=\"has-text-color has-medium-font-size\" style=\"color:#103448\">Les professeurs enseignant la Relaxation Active trouvent au sein de l&rsquo;association Spirale un espace d&rsquo;\u00e9change et de travail sous forme de <strong>3 rencontres dans l&rsquo;ann\u00e9e<\/strong>. L&rsquo;association propose \u00e0 ceux qui le d\u00e9sirent de renouveler leurs connaissances en organisant des sessions de formation continue.<\/p>\n\n\n\n<p class=\"has-text-color has-medium-font-size\" style=\"color:#103448\">L\u2019association Spirale compte parmi ses adh\u00e9rents les professeurs qu\u2019elle a form\u00e9s, les anciens et<br>les nouveaux, ainsi que les associations qui proposent les cours de relaxation.<\/p>\n\n\n\n<p class=\"has-text-color has-medium-font-size\" style=\"color:#103448\">L&rsquo;association Spirale adh\u00e8re \u00e0 l&rsquo;association\u00a0<strong>F\u00e9d\u00e9ration des Enseignements<\/strong> <strong>Artistiques Martenot<\/strong>\u00a0qui regroupe l&rsquo;ensemble des enseignements Martenot :<\/p>\n\n\n\n<ul class=\"has-text-color has-medium-font-size\" style=\"color:#103448\">\n<li>Formation Musicale<\/li>\n\n\n\n<li>Etude vivante du piano<\/li>\n\n\n\n<li>Ondes Martenot<\/li>\n\n\n\n<li>Arts Plastiques<\/li>\n\n\n\n<li>Relaxation Active<\/li>\n<\/ul>\n\n\n\n<p class=\"has-text-color has-medium-font-size\" style=\"color:#103448\">\u00e0 ce titre, elle participe aux journ\u00e9es Martenot.<br>Lien :&nbsp;&nbsp;<a rel=\"noreferrer noopener\" href=\"http:\/\/federation-martenot.fr\/\" target=\"_blank\">http:\/\/federation-martenot.fr<\/a><\/p>\n\n\n\n<p class=\"has-text-color has-medium-font-size\" style=\"color:#103448\">SPIRALE est une association loi 1901 r\u00e9gie par un conseil d&rsquo;administration et un bureau \u00e9lus en assembl\u00e9e g\u00e9n\u00e9rale.<\/p>\n\n\n\n<div style=\"height:100px\" aria-hidden=\"true\" class=\"wp-block-spacer\"><\/div>\n","protected":false},"excerpt":{"rendered":"<p>L\u2019association SPIRALE assure la formation des professeurs de relaxation active et le d\u00e9veloppement de la m\u00e9thode cr\u00e9\u00e9e par Maurice Martenot. Cette forme de relaxation originale s&rsquo;est d\u00e9velopp\u00e9e \u00e0 partir de l&rsquo;exp\u00e9rience et des recherches de&nbsp;Maurice&nbsp;MARTENOT. Les professeurs enseignant la Relaxation Active trouvent au sein de l&rsquo;association Spirale un espace d&rsquo;\u00e9change et de travail sous forme &hellip; <\/p>\n<p class=\"link-more\"><a href=\"https:\/\/relaxation-active.com\/index.php\/association\/\" class=\"more-link\">Lire la suite de<span class=\"screen-reader-text\">\u00ab\u00a0Association\u00a0\u00bb<\/span><\/a><\/p>\n","protected":false},"author":1,"featured_media":0,"parent":0,"menu_order":0,"comment_status":"closed","ping_status":"closed","template":"","meta":[],"_links":{"self":[{"href":"https:\/\/relaxation-active.com\/index.php\/wp-json\/wp\/v2\/pages\/184"}],"collection":[{"href":"https:\/\/relaxation-active.com\/index.php\/wp-json\/wp\/v2\/pages"}],"about":[{"href":"https:\/\/relaxation-active.com\/index.php\/wp-json\/wp\/v2\/types\/page"}],"author":[{"embeddable":true,"href":"https:\/\/relaxation-active.com\/index.php\/wp-json\/wp\/v2\/users\/1"}],"replies":[{"embeddable":true,"href":"https:\/\/relaxation-active.com\/index.php\/wp-json\/wp\/v2\/comments?post=184"}],"version-history":[{"count":25,"href":"https:\/\/relaxation-active.com\/index.php\/wp-json\/wp\/v2\/pages\/184\/revisions"}],"predecessor-version":[{"id":715,"href":"https:\/\/relaxation-active.com\/index.php\/wp-json\/wp\/v2\/pages\/184\/revisions\/715"}],"wp:attachment":[{"href":"https:\/\/relaxation-active.com\/index.php\/wp-json\/wp\/v2\/media?parent=184"}],"curies":[{"name":"wp","href":"https:\/\/api.w.org\/{rel}","templated":true}]}}